{"id":64,"date":"2017-11-10T14:08:17","date_gmt":"2017-11-10T14:08:17","guid":{"rendered":"http:\/\/tag_link_site_url\/?page_id=2"},"modified":"2023-02-01T17:40:52","modified_gmt":"2023-02-01T16:40:52","slug":"sample-page","status":"publish","type":"page","link":"http:\/\/archifree.fr\/?page_id=64","title":{"rendered":"Projets &#038; R\u00e9alisations"},"content":{"rendered":"\n<div class=\"wp-block-group\"><div class=\"wp-block-group__inner-container is-layout-constrained wp-block-group-is-layout-constrained\">\n<div class=\"post-item\" style=\"padding: 3rem;\">\n<p><em><img loading=\"lazy\" decoding=\"async\" class=\"size-full wp-image-1035 alignright\" src=\"http:\/\/archifree.fr\/wp-content\/uploads\/2023\/01\/P1030382-scaled.jpg\" alt=\"\" width=\"2560\" height=\"1920\" srcset=\"http:\/\/archifree.fr\/wp-content\/uploads\/2023\/01\/P1030382-scaled.jpg 2560w, http:\/\/archifree.fr\/wp-content\/uploads\/2023\/01\/P1030382-300x225.jpg 300w, http:\/\/archifree.fr\/wp-content\/uploads\/2023\/01\/P1030382-1024x768.jpg 1024w, http:\/\/archifree.fr\/wp-content\/uploads\/2023\/01\/P1030382-768x576.jpg 768w, http:\/\/archifree.fr\/wp-content\/uploads\/2023\/01\/P1030382-1536x1152.jpg 1536w, http:\/\/archifree.fr\/wp-content\/uploads\/2023\/01\/P1030382-2048x1536.jpg 2048w, http:\/\/archifree.fr\/wp-content\/uploads\/2023\/01\/P1030382-1440x1080.jpg 1440w\" sizes=\"auto, (max-width: 2560px) 100vw, 2560px\" \/><br \/><\/em><\/p>\n<blockquote>\n<p><b>TYPES DE BIENS<\/b><\/p>\n<p>MAISON INDIVIDUELLE<\/p>\n<p>MAISON PASSIVE \/ \u00c9COLOGIQUE<\/p>\n<p>CHALET \/ MAISON EN BOIS<\/p>\n<p>MAISON DE VILLE<\/p>\n<p>MAISON DE CAMPAGNE<\/p>\n<p>APPARTEMENT<\/p>\n<p>EXTERIEUR<\/p>\n<p>COMMERCE<\/p>\n<p>H\u00d4TELLERIE &#8211; RESTAURATION<\/p>\n<p>PATRIMOINE<\/p>\n<p><b>TYPES DE TRAVAUX<\/b><\/p>\n<p>CONSTRUCTION NEUVE<\/p>\n<p>R\u00c9NOVATION<\/p>\n<p>SUR\u00c9L\u00c9VATION<\/p>\n<p>TERRASSE<\/p>\n<p>PISCINE<\/p>\n<p>ARCHITECTURE D\u2019INT\u00c9RIEUR<\/p>\n<p>\u00c9TUDE DE FAISABILIT\u00c9<\/p>\n<p>R\u00c9HABILITATION<\/p>\n<p>EXTENSION<\/p>\n<p>TRANSFORMATION<\/p>\n<p><b>TYPES DE STYLES<\/b><\/p>\n<p>CONTEMPORAIN<\/p>\n<p>MODERNE<\/p>\n<p>TRADITIONNEL<\/p>\n<\/blockquote>\n<\/div>\n<\/div><\/div>\n\n\n\n<p><\/p>\n","protected":false},"excerpt":{"rendered":"<p>TYPES DE BIENS MAISON INDIVIDUELLE MAISON PASSIVE \/ \u00c9COLOGIQUE CHALET \/ MAISON EN BOIS MAISON DE VILLE MAISON DE CAMPAGNE APPARTEMENT EXTERIEUR COMMERCE H\u00d4TELLERIE &#8211; RESTAURATION PATRIMOINE TYPES DE TRAVAUX CONSTRUCTION NEUVE R\u00c9NOVATION SUR\u00c9L\u00c9VATION TERRASSE PISCINE ARCHITECTURE D\u2019INT\u00c9RIEUR \u00c9TUDE DE FAISABILIT\u00c9 R\u00c9HABILITATION EXTENSION TRANSFORMATION TYPES DE STYLES CONTEMPORAIN MODERNE TRADITIONNEL<\/p>\n","protected":false},"author":1,"featured_media":0,"parent":0,"menu_order":0,"comment_status":"closed","ping_status":"open","template":"page-templates\/homepage.php","meta":{"footnotes":""},"class_list":["post-64","page","type-page","status-publish","hentry"],"_links":{"self":[{"href":"http:\/\/archifree.fr\/index.php?rest_route=\/wp\/v2\/pages\/64","targetHints":{"allow":["GET"]}}],"collection":[{"href":"http:\/\/archifree.fr\/index.php?rest_route=\/wp\/v2\/pages"}],"about":[{"href":"http:\/\/archifree.fr\/index.php?rest_route=\/wp\/v2\/types\/page"}],"author":[{"embeddable":true,"href":"http:\/\/archifree.fr\/index.php?rest_route=\/wp\/v2\/users\/1"}],"replies":[{"embeddable":true,"href":"http:\/\/archifree.fr\/index.php?rest_route=%2Fwp%2Fv2%2Fcomments&post=64"}],"version-history":[{"count":7,"href":"http:\/\/archifree.fr\/index.php?rest_route=\/wp\/v2\/pages\/64\/revisions"}],"predecessor-version":[{"id":1154,"href":"http:\/\/archifree.fr\/index.php?rest_route=\/wp\/v2\/pages\/64\/revisions\/1154"}],"wp:attachment":[{"href":"http:\/\/archifree.fr\/index.php?rest_route=%2Fwp%2Fv2%2Fmedia&parent=64"}],"curies":[{"name":"wp","href":"https:\/\/api.w.org\/{rel}","templated":true}]}}